{"id":20,"date":"2026-01-13T01:11:09","date_gmt":"2026-01-13T01:11:09","guid":{"rendered":"https:\/\/beibei.tydazhanggui.site\/?page_id=20"},"modified":"2026-04-06T15:36:08","modified_gmt":"2026-04-06T15:36:08","slug":"news","status":"publish","type":"page","link":"https:\/\/cohosc.com\/en\/news\/","title":{"rendered":"News"},"content":{"rendered":"<div data-elementor-type=\"wp-page\" data-elementor-id=\"20\" class=\"elementor elementor-20\" data-elementor-post-type=\"page\">\n\t\t\t\t<div class=\"elementor-element elementor-element-5edf22c0 e-flex e-con-boxed e-con e-parent\" data-id=\"5edf22c0\" data-element_type=\"container\" data-e-type=\"container\" data-settings=\"{&quot;background_background&quot;:&quot;classic&quot;}\">\n\t\t\t\t\t<div class=\"e-con-inner\">\n\t\t\t\t<div class=\"elementor-element elementor-element-384d0c7a elementor-invisible elementor-widget elementor-widget-heading\" data-id=\"384d0c7a\" data-element_type=\"widget\" data-e-type=\"widget\" data-settings=\"{&quot;_animation&quot;:&quot;fadeInUp&quot;}\" data-widget_type=\"heading.default\">\n\t\t\t\t\t<h2 class=\"elementor-heading-title elementor-size-default\">News<\/h2>\t\t\t\t<\/div>\n\t\t\t\t\t<\/div>\n\t\t\t\t<\/div>\n\t\t<div class=\"elementor-element elementor-element-624d5af6 e-flex e-con-boxed e-con e-parent\" data-id=\"624d5af6\" data-element_type=\"container\" data-e-type=\"container\">\n\t\t\t\t\t<div class=\"e-con-inner\">\n\t\t<div class=\"elementor-element elementor-element-59d18d20 e-con-full e-flex e-con e-child\" data-id=\"59d18d20\" data-element_type=\"container\" data-e-type=\"container\">\n\t\t\t\t<div class=\"elementor-element elementor-element-4f6b0e1c elementor-align-center elementor-widget elementor-widget-button\" data-id=\"4f6b0e1c\" data-element_type=\"widget\" data-e-type=\"widget\" data-widget_type=\"button.default\">\n\t\t\t\t\t\t\t\t\t\t<a class=\"elementor-button elementor-button-link elementor-size-sm\" href=\"http:\/\/cohosc.com\/en\/news\/\">\n\t\t\t\t\t\t<span class=\"elementor-button-content-wrapper\">\n\t\t\t\t\t\t\t\t\t<span class=\"elementor-button-text\">News<\/span>\n\t\t\t\t\t<\/span>\n\t\t\t\t\t<\/a>\n\t\t\t\t\t\t\t\t<\/div>\n\t\t\t\t<\/div>\n\t\t<div class=\"elementor-element elementor-element-331d9f e-con-full e-flex e-con e-child\" data-id=\"331d9f\" data-element_type=\"container\" data-e-type=\"container\">\n\t\t\t\t<div class=\"elementor-element elementor-element-1d499e00 elementor-align-center elementor-widget elementor-widget-button\" data-id=\"1d499e00\" data-element_type=\"widget\" data-e-type=\"widget\" data-widget_type=\"button.default\">\n\t\t\t\t\t\t\t\t\t\t<a class=\"elementor-button elementor-button-link elementor-size-sm\" href=\"http:\/\/cohosc.com\/en\/company-dynamics\/\">\n\t\t\t\t\t\t<span class=\"elementor-button-content-wrapper\">\n\t\t\t\t\t\t\t\t\t<span class=\"elementor-button-text\">Company Dynamics<\/span>\n\t\t\t\t\t<\/span>\n\t\t\t\t\t<\/a>\n\t\t\t\t\t\t\t\t<\/div>\n\t\t\t\t<\/div>\n\t\t<div class=\"elementor-element elementor-element-508f2ff2 e-con-full e-flex e-con e-child\" data-id=\"508f2ff2\" data-element_type=\"container\" data-e-type=\"container\">\n\t\t\t\t<div class=\"elementor-element elementor-element-14829872 elementor-align-center elementor-widget elementor-widget-button\" data-id=\"14829872\" data-element_type=\"widget\" data-e-type=\"widget\" data-widget_type=\"button.default\">\n\t\t\t\t\t\t\t\t\t\t<a class=\"elementor-button elementor-button-link elementor-size-sm\" href=\"http:\/\/cohosc.com\/en\/important-announcements\/\">\n\t\t\t\t\t\t<span class=\"elementor-button-content-wrapper\">\n\t\t\t\t\t\t\t\t\t<span class=\"elementor-button-text\">ImportantAnnouncements<\/span>\n\t\t\t\t\t<\/span>\n\t\t\t\t\t<\/a>\n\t\t\t\t\t\t\t\t<\/div>\n\t\t\t\t<\/div>\n\t\t<div class=\"elementor-element elementor-element-40a1d6e8 e-con-full e-flex e-con e-child\" data-id=\"40a1d6e8\" data-element_type=\"container\" data-e-type=\"container\">\n\t\t\t\t<div class=\"elementor-element elementor-element-6069954d elementor-align-center elementor-widget elementor-widget-button\" data-id=\"6069954d\" data-element_type=\"widget\" data-e-type=\"widget\" data-widget_type=\"button.default\">\n\t\t\t\t\t\t\t\t\t\t<a class=\"elementor-button elementor-button-link elementor-size-sm\" href=\"http:\/\/cohosc.com\/en\/faq\/\">\n\t\t\t\t\t\t<span class=\"elementor-button-content-wrapper\">\n\t\t\t\t\t\t\t\t\t<span class=\"elementor-button-text\">FAQ<\/span>\n\t\t\t\t\t<\/span>\n\t\t\t\t\t<\/a>\n\t\t\t\t\t\t\t\t<\/div>\n\t\t\t\t<\/div>\n\t\t\t\t\t<\/div>\n\t\t\t\t<\/div>\n\t\t<div class=\"elementor-element elementor-element-4a0fd2dc e-flex e-con-boxed e-con e-parent\" data-id=\"4a0fd2dc\" data-element_type=\"container\" data-e-type=\"container\">\n\t\t\t\t\t<div class=\"e-con-inner\">\n\t\t\t\t<div class=\"elementor-element elementor-element-399ef64a elementor-grid-1 elementor-posts--thumbnail-right elementor-posts--align-left elementor-grid-tablet-2 elementor-grid-mobile-1 elementor-widget elementor-widget-posts\" data-id=\"399ef64a\" data-element_type=\"widget\" data-e-type=\"widget\" data-settings=\"{&quot;classic_columns&quot;:&quot;1&quot;,&quot;pagination_type&quot;:&quot;numbers&quot;,&quot;classic_columns_tablet&quot;:&quot;2&quot;,&quot;classic_columns_mobile&quot;:&quot;1&quot;,&quot;classic_row_gap&quot;:{&quot;unit&quot;:&quot;px&quot;,&quot;size&quot;:35,&quot;sizes&quot;:[]},&quot;classic_row_gap_tablet&quot;:{&quot;unit&quot;:&quot;px&quot;,&quot;size&quot;:&quot;&quot;,&quot;sizes&quot;:[]},&quot;classic_row_gap_mobile&quot;:{&quot;unit&quot;:&quot;px&quot;,&quot;size&quot;:&quot;&quot;,&quot;sizes&quot;:[]}}\" data-widget_type=\"posts.classic\">\n\t\t\t\t<div class=\"elementor-widget-container\">\n\t\t\t\t\t\t\t<div class=\"elementor-posts-container elementor-posts elementor-posts--skin-classic elementor-grid\" role=\"list\">\n\t\t\t\t<article class=\"elementor-post elementor-grid-item post-610 post type-post status-publish format-standard has-post-thumbnail hentry category-27\" role=\"listitem\">\n\t\t\t\t<a class=\"elementor-post__thumbnail__link\" href=\"https:\/\/cohosc.com\/en\/%e9%87%8d%e7%a3%85%ef%bc%81%e5%85%a8%e7%90%83%e8%b7%a8%e4%ba%a4%e4%bc%9a%e8%90%bd%e5%b9%95%ef%bc%8cyandex-market%e5%8d%8e%e4%b8%9c%e9%a6%96%e5%9c%ba%e5%ae%98%e6%96%b9%e5%8d%96%e5%ae%b6%e5%b3%b0\/\" tabindex=\"-1\" target=\"&quot;_blank&quot;\">\n\t\t\t<div class=\"elementor-post__thumbnail\"><img fetchpriority=\"high\" decoding=\"async\" width=\"607\" height=\"357\" src=\"https:\/\/cohosc.com\/wp-content\/uploads\/2026\/01\/151822100876_607_357.jpg\" class=\"attachment-large size-large wp-image-611\" alt=\"\" srcset=\"https:\/\/cohosc.com\/wp-content\/uploads\/2026\/01\/151822100876_607_357.jpg 607w, https:\/\/cohosc.com\/wp-content\/uploads\/2026\/01\/151822100876_607_357-300x176.jpg 300w, https:\/\/cohosc.com\/wp-content\/uploads\/2026\/01\/151822100876_607_357-600x353.jpg 600w\" sizes=\"(max-width: 607px) 100vw, 607px\" \/><\/div>\n\t\t<\/a>\n\t\t\t\t<div class=\"elementor-post__text\">\n\t\t\t\t<h2 class=\"elementor-post__title\">\n\t\t\t<a href=\"https:\/\/cohosc.com\/en\/%e9%87%8d%e7%a3%85%ef%bc%81%e5%85%a8%e7%90%83%e8%b7%a8%e4%ba%a4%e4%bc%9a%e8%90%bd%e5%b9%95%ef%bc%8cyandex-market%e5%8d%8e%e4%b8%9c%e9%a6%96%e5%9c%ba%e5%ae%98%e6%96%b9%e5%8d%96%e5%ae%b6%e5%b3%b0\/\" target=\"&quot;_blank&quot;\">\n\t\t\t\tBreaking News! Global Cross-Border E-commerce Expo Concludes, Yandex Market's First Official Seller Summit in East China Set to Take Center Stage\t\t\t<\/a>\n\t\t<\/h2>\n\t\t\t\t<div class=\"elementor-post__excerpt\">\n\t\t\t<p>Bei der gerade zu Ende gegangenen Er\u00f6ffnungsfeier der Global Cross-Border E-Commerce Expo gab die f\u00fchrende russische E-Commerce-Plattform Yandex Market erstmals bekannt, dass sie in Hangzhou das erste H\u00e4ndler-Servicezentrum in China einrichten wird. Wang Yulong, CEO von Yandex Market China, war pers\u00f6nlich vor Ort und unterzeichnete den Vertrag mit dem Handelsb\u00fcro des Bezirks Yuhang in Hangzhou.<\/p>\n\t\t<\/div>\n\t\t\n\t\t<a class=\"elementor-post__read-more\" href=\"https:\/\/cohosc.com\/en\/%e9%87%8d%e7%a3%85%ef%bc%81%e5%85%a8%e7%90%83%e8%b7%a8%e4%ba%a4%e4%bc%9a%e8%90%bd%e5%b9%95%ef%bc%8cyandex-market%e5%8d%8e%e4%b8%9c%e9%a6%96%e5%9c%ba%e5%ae%98%e6%96%b9%e5%8d%96%e5%ae%b6%e5%b3%b0\/\" aria-label=\"Read more about \u91cd\u78c5\uff01\u5168\u7403\u8de8\u4ea4\u4f1a\u843d\u5e55\uff0cYandex Market\u534e\u4e1c\u9996\u573a\u5b98\u65b9\u5356\u5bb6\u5cf0\u4f1a\u5373\u5c06\u63a5\u68d2\u767b\u573a\" tabindex=\"-1\" target=\"_blank\">\n\t\t\tSee more\t\t<\/a>\n\n\t\t\t\t<\/div>\n\t\t\t\t<\/article>\n\t\t\t\t<article class=\"elementor-post elementor-grid-item post-602 post type-post status-publish format-standard has-post-thumbnail hentry category-27\" role=\"listitem\">\n\t\t\t\t<a class=\"elementor-post__thumbnail__link\" href=\"https:\/\/cohosc.com\/en\/602-2\/\" tabindex=\"-1\" target=\"&quot;_blank&quot;\">\n\t\t\t<div class=\"elementor-post__thumbnail\"><img decoding=\"async\" width=\"607\" height=\"357\" src=\"https:\/\/cohosc.com\/wp-content\/uploads\/2026\/01\/113847833807_607_357.jpg\" class=\"attachment-large size-large wp-image-603\" alt=\"\" srcset=\"https:\/\/cohosc.com\/wp-content\/uploads\/2026\/01\/113847833807_607_357.jpg 607w, https:\/\/cohosc.com\/wp-content\/uploads\/2026\/01\/113847833807_607_357-300x176.jpg 300w, https:\/\/cohosc.com\/wp-content\/uploads\/2026\/01\/113847833807_607_357-600x353.jpg 600w\" sizes=\"(max-width: 607px) 100vw, 607px\" \/><\/div>\n\t\t<\/a>\n\t\t\t\t<div class=\"elementor-post__text\">\n\t\t\t\t<h2 class=\"elementor-post__title\">\n\t\t\t<a href=\"https:\/\/cohosc.com\/en\/602-2\/\" target=\"&quot;_blank&quot;\">\n\t\t\t\tWildberries 2025 Star Program: Corporate Applications Now Open!\t\t\t<\/a>\n\t\t<\/h2>\n\t\t\t\t<div class=\"elementor-post__excerpt\">\n\t\t\t<p>Die \u201e2025 Starlight Initiative \u00b7 Youth Innovation Alliance\u201d von Wildberries ist ein grenz\u00fcberschreitendes Kooperationsprojekt zwischen der Wildberries-Plattform, dem Wildberries China Merchant Service Centre, herausragenden Unternehmen und Studierenden.<\/p>\n\t\t<\/div>\n\t\t\n\t\t<a class=\"elementor-post__read-more\" href=\"https:\/\/cohosc.com\/en\/602-2\/\" aria-label=\"Read more about Wildberries 2025\u661f\u8fb0\u8ba1\u5212\uff1a\u4f01\u4e1a\u5f81\u96c6\u62a5\u540d\u70ed\u70c8\u8fdb\u884c\u4e2d\uff01\" tabindex=\"-1\" target=\"_blank\">\n\t\t\tSee more\t\t<\/a>\n\n\t\t\t\t<\/div>\n\t\t\t\t<\/article>\n\t\t\t\t<\/div>\n\t\t\n\t\t\t\t\t\t<\/div>\n\t\t\t\t<\/div>\n\t\t\t\t\t<\/div>\n\t\t\t\t<\/div>\n\t\t\t\t<\/div>","protected":false},"excerpt":{"rendered":"<p>News News Company Dynamics ImportantAnnouncements FAQ<\/p>","protected":false},"author":1,"featured_media":0,"parent":0,"menu_order":0,"comment_status":"closed","ping_status":"closed","template":"","meta":{"footnotes":""},"class_list":["post-20","page","type-page","status-publish","hentry"],"_links":{"self":[{"href":"https:\/\/cohosc.com\/en\/wp-json\/wp\/v2\/pages\/20","targetHints":{"allow":["GET"]}}],"collection":[{"href":"https:\/\/cohosc.com\/en\/wp-json\/wp\/v2\/pages"}],"about":[{"href":"https:\/\/cohosc.com\/en\/wp-json\/wp\/v2\/types\/page"}],"author":[{"embeddable":true,"href":"https:\/\/cohosc.com\/en\/wp-json\/wp\/v2\/users\/1"}],"replies":[{"embeddable":true,"href":"https:\/\/cohosc.com\/en\/wp-json\/wp\/v2\/comments?post=20"}],"version-history":[{"count":59,"href":"https:\/\/cohosc.com\/en\/wp-json\/wp\/v2\/pages\/20\/revisions"}],"predecessor-version":[{"id":2817,"href":"https:\/\/cohosc.com\/en\/wp-json\/wp\/v2\/pages\/20\/revisions\/2817"}],"wp:attachment":[{"href":"https:\/\/cohosc.com\/en\/wp-json\/wp\/v2\/media?parent=20"}],"curies":[{"name":"wp","href":"https:\/\/api.w.org\/{rel}","templated":true}]}}